{"id":42,"date":"2017-04-16T13:40:16","date_gmt":"2017-04-16T13:40:16","guid":{"rendered":"http:\/\/seelen-licht.org\/?page_id=42"},"modified":"2017-04-16T18:19:37","modified_gmt":"2017-04-16T18:19:37","slug":"info","status":"publish","type":"page","link":"https:\/\/seelen-licht.org\/?page_id=42","title":{"rendered":"Energetische Reinigungen"},"content":{"rendered":"<h3 style=\"text-align: center;\"><img loading=\"lazy\" class=\"alignnone size-full wp-image-103\" src=\"http:\/\/seelen-licht.org\/wp-content\/uploads\/2016\/05\/yinyang.jpg\" alt=\"\" width=\"300\" height=\"300\" srcset=\"https:\/\/seelen-licht.org\/wp-content\/uploads\/2016\/05\/yinyang.jpg 300w, https:\/\/seelen-licht.org\/wp-content\/uploads\/2016\/05\/yinyang-150x150.jpg 150w\" sizes=\"(max-width: 300px) 100vw, 300px\" \/><\/h3>\n<h3 style=\"text-align: center;\">Essential Space Clearing<\/h3>\n<p style=\"text-align: center;\">(Raumreinigung und Aurareinigung)<\/p>\n<p>&nbsp;<\/p>\n<p>Mit dieser schamanischen Methode lassen sich festsitzende und tiefgehende negative und krankmachende Schwingungen in W\u00e4nden, M\u00f6beln und ganzen R\u00e4umen intensiv reinigen, so als h\u00e4tte nie zuvor jemand in den R\u00e4umen gewohnt. Diese besondere Form der Reinigung eignet sich auch hervorragend f\u00fcr gebrauchte und \/ oder antike M\u00f6bel. Denn auch darin sind Informationen enthalten, die nicht unbedingt gesundheitsf\u00f6rdernd und harmonisierend sind.<\/p>\n<p>Ebenso kann die Aura des Menschen mit diesem Clearing intensiv gereinigt werden. Dadurch k\u00f6nnen sich tiefsitzende Blockaden aufl\u00f6sen.<\/p>\n<p>&nbsp;<\/p>\n<p style=\"text-align: center;\">\n<p style=\"text-align: center;\">\n<h3 style=\"text-align: center;\">Erdrevitalisierung<\/h3>\n<p style=\"text-align: center;\">(Reinigung und Heilung bis zum Zentrum der Erde)<\/p>\n<p>&nbsp;<\/p>\n<p>\u00dcberall dort, wo Menschen wohnen, haben auch bereits seit langer Zeit Menschen gelebt. Es wurde Kriege gef\u00fchrt, Schlachten geschlagen, Ritualpl\u00e4tze und energetische Schutzkreise angelegt und vieles mehr. Alles hat seine Informationen im Erdreich hinterlassen. Selbst die Mauern eines Hauses, das abgerissen wurde, sind energetisch im Erdreich gespeichert. All diese Informationen flie\u00dfen in ein neu gebautes oder bestehendes Haus und bringen Energien in das Haus, die f\u00fcr die derzeitigen Bewohner nicht von Vorteil sind.<\/p>\n<p>Mit uralten taoistischen und schamanischen Techniken lassen sich diese Energien dauerhaft bereinigen und die Erde wird wieder revitalisiert, so als w\u00e4re dort nie etwas geschehen und als h\u00e4tte dort nie zuvor ein Mensch gelebt.<\/p>\n<p>So k\u00f6nnen sich die Bewohner eines Hauses wohl f\u00fchlen und sich selbst entwickeln, ohne st\u00f6rende und blockierende Faktoren.<\/p>\n<h3 style=\"text-align: center;\"><\/h3>\n<h3 style=\"text-align: center;\">Schlafplatzanalyse<\/h3>\n<p>Sie k\u00f6nnen nicht gut schlafen? Wasseradern und Benkerlinen sowie Wasserleitungen im Haus k\u00f6nnen die Ursache sein. Durch genaue Analyse des Schlafplatzes und Entst\u00f6rung der blockierenden Strahlungen f\u00fchlen Sie sich wieder wohl und k\u00f6nnen ruhig schlafen.<\/p>\n<p>Sie haben Interesse an einem Space Clearing, Aurareinigung, Erdrevitalisierung und \/ oder Schlafplatzanalyse? Dann nehmen Sie Kontakt mit mir auf. Ich unterbreite Ihnen ein Angebot.<\/p>\n","protected":false},"excerpt":{"rendered":"<p>Essential Space Clearing (Raumreinigung und Aurareinigung) &nbsp; Mit dieser schamanischen Methode lassen sich festsitzende und tiefgehende negative und krankmachende Schwingungen in W\u00e4nden, M\u00f6beln und ganzen R\u00e4umen intensiv reinigen, so als h\u00e4tte nie zuvor jemand in den R\u00e4umen gewohnt. Diese besondere Form der Reinigung eignet sich auch hervorragend f\u00fcr gebrauchte und \/ oder antike M\u00f6bel. Denn [&hellip;]<\/p>\n","protected":false},"author":1,"featured_media":0,"parent":0,"menu_order":0,"comment_status":"closed","ping_status":"closed","template":"","meta":[],"_links":{"self":[{"href":"https:\/\/seelen-licht.org\/index.php?rest_route=\/wp\/v2\/pages\/42"}],"collection":[{"href":"https:\/\/seelen-licht.org\/index.php?rest_route=\/wp\/v2\/pages"}],"about":[{"href":"https:\/\/seelen-licht.org\/index.php?rest_route=\/wp\/v2\/types\/page"}],"author":[{"embeddable":true,"href":"https:\/\/seelen-licht.org\/index.php?rest_route=\/wp\/v2\/users\/1"}],"replies":[{"embeddable":true,"href":"https:\/\/seelen-licht.org\/index.php?rest_route=%2Fwp%2Fv2%2Fcomments&post=42"}],"version-history":[{"count":3,"href":"https:\/\/seelen-licht.org\/index.php?rest_route=\/wp\/v2\/pages\/42\/revisions"}],"predecessor-version":[{"id":110,"href":"https:\/\/seelen-licht.org\/index.php?rest_route=\/wp\/v2\/pages\/42\/revisions\/110"}],"wp:attachment":[{"href":"https:\/\/seelen-licht.org\/index.php?rest_route=%2Fwp%2Fv2%2Fmedia&parent=42"}],"curies":[{"name":"wp","href":"https:\/\/api.w.org\/{rel}","templated":true}]}}