{"id":2,"date":"2016-05-10T03:48:21","date_gmt":"2016-05-10T03:48:21","guid":{"rendered":"http:\/\/seelen-licht.org\/?page_id=2"},"modified":"2023-05-11T10:35:32","modified_gmt":"2023-05-11T10:35:32","slug":"sample-page","status":"publish","type":"page","link":"https:\/\/seelen-licht.org\/?page_id=2","title":{"rendered":"Sanathana Sai Sanjeevini"},"content":{"rendered":"<p style=\"text-align: center;\"><img loading=\"lazy\" class=\"alignnone size-full wp-image-92\" src=\"http:\/\/seelen-licht.org\/wp-content\/uploads\/2016\/05\/0_0_0_0_472_104_csupload_67399268.jpg\" alt=\"\" width=\"472\" height=\"104\" srcset=\"https:\/\/seelen-licht.org\/wp-content\/uploads\/2016\/05\/0_0_0_0_472_104_csupload_67399268.jpg 472w, https:\/\/seelen-licht.org\/wp-content\/uploads\/2016\/05\/0_0_0_0_472_104_csupload_67399268-300x66.jpg 300w\" sizes=\"(max-width: 472px) 100vw, 472px\" \/><\/p>\n<p style=\"text-align: center;\"><em>Heilung durch Gebete in liebender Hingabe<\/em><\/p>\n<h6 style=\"text-align: center;\">Das Original<\/h6>\n<p><strong>\u00a0<\/strong><\/p>\n<p><img loading=\"lazy\" class=\"wp-image-100 alignleft\" src=\"http:\/\/seelen-licht.org\/wp-content\/uploads\/2016\/05\/Poonam_rot_400pix.jpg\" alt=\"\" width=\"162\" height=\"241\" srcset=\"https:\/\/seelen-licht.org\/wp-content\/uploads\/2016\/05\/Poonam_rot_400pix.jpg 300w, https:\/\/seelen-licht.org\/wp-content\/uploads\/2016\/05\/Poonam_rot_400pix-202x300.jpg 202w\" sizes=\"(max-width: 162px) 100vw, 162px\" \/><\/p>\n<p style=\"padding-left: 210px;\"><strong>Poonam Nagpal<\/strong><\/p>\n<p style=\"padding-left: 210px;\">Poonam Nagpal aus Indien hat diese Heilweise 1994 \u00fcber innere F\u00fchrung entwickelt.<\/p>\n<p style=\"padding-left: 210px;\">1999 hat Poonam ihre k\u00f6rperliche H\u00fclle verlassen.<\/p>\n<p style=\"padding-left: 210px;\">\n<p style=\"padding-left: 210px;\"><span style=\"color: #ffffff;\">.<\/span><\/p>\n<p style=\"padding-left: 210px;\"><span style=\"color: #ffffff;\">.<\/span><\/p>\n<p style=\"padding-left: 210px;\"><span style=\"color: #ffffff;\">..<\/span><\/p>\n<p><img loading=\"lazy\" class=\"wp-image-102 alignleft\" src=\"http:\/\/seelen-licht.org\/wp-content\/uploads\/2016\/05\/Vinod_330pix.jpg\" alt=\"\" width=\"164\" height=\"185\" srcset=\"https:\/\/seelen-licht.org\/wp-content\/uploads\/2016\/05\/Vinod_330pix.jpg 331w, https:\/\/seelen-licht.org\/wp-content\/uploads\/2016\/05\/Vinod_330pix-266x300.jpg 266w\" sizes=\"(max-width: 164px) 100vw, 164px\" \/><\/p>\n<p style=\"padding-left: 210px;\"><strong>Vinod Nagpal<\/strong><\/p>\n<p style=\"padding-left: 210px;\">Vinod Nagpal ist nach dem Tode von Poonam f\u00fcr die weltweite Vernetzung der Sanjeevini zust\u00e4ndig.<\/p>\n<p style=\"padding-left: 210px;\">Er ist der spirituelle Lehrer f\u00fcr diese Heilweise.<\/p>\n<p style=\"padding-left: 210px;\"><strong>Andschana Brigitte Wilson-Pfau<\/strong><\/p>\n<p><img loading=\"lazy\" class=\"wp-image-164 alignleft\" src=\"http:\/\/seelen-licht.org\/wp-content\/uploads\/2016\/05\/Andschana-Brigitte-Pfau2.jpg\" alt=\"\" width=\"186\" height=\"233\" srcset=\"https:\/\/seelen-licht.org\/wp-content\/uploads\/2016\/05\/Andschana-Brigitte-Pfau2.jpg 760w, https:\/\/seelen-licht.org\/wp-content\/uploads\/2016\/05\/Andschana-Brigitte-Pfau2-240x300.jpg 240w\" sizes=\"(max-width: 186px) 100vw, 186px\" \/><\/p>\n<p style=\"padding-left: 210px;\">Im September 1999 erschien mir im Traum Sathya Sai Baba und sagte zu mir: \u201eDu brauchst Sanjeevini, Vibuthi und ein Foto von mir.\u201c Innerhalb weniger Tage bekam ich all das von lieben Freunden zugeschickt. Als ich dann Sanjeevini, Vibuthi (Heilasche) und das Foto von Sai Baba in H\u00e4nden hielt, erfasste mich ein starkes Feuer, das mich bis heute nicht losgelassen hat. Unter der geistigen F\u00fchrung von Sathya Sai Baba ver\u00e4nderte sich mein ganzes Leben.<\/p>\n<p style=\"padding-left: 210px;\">Ich stehe in engem Kontakt mit dem Sanjeevini-Centrum Saalfelden in \u00d6sterreich und Vinod Nagpal in Indien, sowie in vollem Vertrauen mit Sathya Sai Baba und gebe mit Freude und Hingabe die Sanjeevini\u00b4s weiter. Dies erfolgt in Einf\u00fchrungskursen, im mtl. Sanjeevini-Arbeitskreis, in Vortr\u00e4gen und in Artikeln, die in den wunderbaren Sanjeevini-Nachrichten in Saalfelden gedruckt werden.<br \/>\nNachrichten, Arbeitsbuch und Karten in deutscher Sprache sind \u00fcber die Seite und den Shop in Saalfelden erh\u00e4ltlich: <strong><a href=\"http:\/\/www.saisanjeevini.com\" target=\"_blank\" rel=\"noopener\">www.saisanjeevini.com<\/a><\/strong>.<\/p>\n<p><img loading=\"lazy\" class=\"size-full wp-image-90 aligncenter\" src=\"http:\/\/seelen-licht.org\/wp-content\/uploads\/2016\/05\/0_0_0_0_213_320_csupload_59758966.jpg\" alt=\"\" width=\"213\" height=\"320\" srcset=\"https:\/\/seelen-licht.org\/wp-content\/uploads\/2016\/05\/0_0_0_0_213_320_csupload_59758966.jpg 213w, https:\/\/seelen-licht.org\/wp-content\/uploads\/2016\/05\/0_0_0_0_213_320_csupload_59758966-200x300.jpg 200w\" sizes=\"(max-width: 213px) 100vw, 213px\" \/><\/p>\n<p style=\"text-align: center;\"><strong>Sathya Sei Baba<\/strong><\/p>\n<p style=\"text-align: center;\">Beginne den Tag mit Liebe.<br \/>\nErf\u00fclle den Tag mit Liebe.<br \/>\nBeende den Tag mit Liebe.<br \/>\nDas ist der Weg zu Gott.<\/p>\n<p style=\"text-align: center;\">Bhagawan Shri Sathya Sai Baba<\/p>\n<p style=\"text-align: center;\"><img loading=\"lazy\" class=\"alignnone size-full wp-image-91\" src=\"http:\/\/seelen-licht.org\/wp-content\/uploads\/2016\/05\/0_0_0_0_250_246_csupload_41429805.png\" alt=\"\" width=\"250\" height=\"246\" \/><\/p>\n<p>Gesundheit ist unser Geburtsrecht und jeder Mensch tr\u00e4gt in sich die Kraft heil zu sein.<\/p>\n<p>Die SANATHANA SAI SANJEEVINI sind eine Hilfe dazu. Es sind auf das Grundmuster der neunbl\u00e4ttrigen Lotusbl\u00fcte konzentrierte Gebete an Gott den h\u00f6chsten Heiler \u2013 Gebete an den Sch\u00f6pfer, uns Gesundheit auf der mentalen, emotionalen und k\u00f6rperlichen Ebene zu geben.<\/p>\n<h6 style=\"padding-left: 30px;\">Die Bedeutung des Namens Sanjeevini<\/h6>\n<p>Der Name Sanjeevini ist ein Wort aus dem Sanskrit und bedeutet \u201ef\u00fcr alle Zeiten g\u00fcltig\u201c oder \u201ezeitlos\u201c. Dieses Ewige und Dauerhafte (Sanathana) ist in uns allen als Energie vorhanden, die die Ursache f\u00fcr jegliche Heilung ist.<\/p>\n<p>Diese Energie, genannt Shakti (g\u00f6ttliche Energie, Liebe), schlummert in jedem von uns. Nur wenn diese Shakti-Energie in uns erwacht, kann eine wirkliche Heilung stattfinden.<\/p>\n<p>Hierf\u00fcr muss mehr als alles andere das Bewusstsein des Menschen wieder zu seiner urspr\u00fcnglichen Reinheit zur\u00fcckkehren. Das k\u00f6nnen wir nur erreichen, wenn wir die ewigen Werte wie Mitgef\u00fchl, Liebe, Frieden, Toleranz, Geduld, Glaube, Vertrauen, Gewaltlosigkeit, Rechtschaffenheit, Wahrheit und vor allem Zufriedenheit leben (welche durch hingebungsvolles Handeln aus dem unersch\u00fctterlichen Glauben, das \u201eDein Wille geschehe\u201c sichtbar werden.).<\/p>\n<p style=\"text-align: center;\"><img loading=\"lazy\" class=\"alignnone wp-image-98\" src=\"http:\/\/seelen-licht.org\/wp-content\/uploads\/2016\/05\/ds113.jpg\" alt=\"\" width=\"191\" height=\"308\" \/><\/p>\n<p>Sai bedeutet \u201eG\u00f6ttliche Mutter\u201c, d.h. jene Shakti-Energie, jene kosmische Energie, jene G\u00f6ttliche Energie, die allwissend ist. Sie ist die treibende Kraft hinter allem und die Handelnde in allem, was diese Sch\u00f6pfung ausmacht.<\/p>\n<p>Die Sanathana Sai Sanjeevini Heilschwingungen sind daher Gebete in v\u00f6lliger Hingabe an die G\u00f6ttliche Mutter, um die zeitlose Heilkraft in uns zu erwecken, die grunds\u00e4tzlich in jedem von uns steckt.<\/p>\n<h6 style=\"padding-left: 30px;\">Was sind Sanjeevini<\/h6>\n<p>Sanathana Sai Sanjeevini:<\/p>\n<ul>\n<li>sind ein Geschenk der g\u00f6ttlichen Mutter<\/li>\n<li>sind feinstoffliche Schwingungen aller nat\u00fcrlichen Heilkr\u00e4fte<\/li>\n<li>stellen ein spirituelles Heilsystem dar<\/li>\n<li>sind konzentrierte Gebete in Form von Symbolen<\/li>\n<li>sind sehr einfach zu verwenden<\/li>\n<li>wecken die in uns schlummernden Heilkr\u00e4fte<\/li>\n<li>bedeuten eine umfassende Lebensweise<\/li>\n<li>sind eine wirkungsvolle Methode, f\u00fcr die eigene Gesundheit<\/li>\n<li>Selbstverantwortung zu \u00fcbernehmen<\/li>\n<li>wirken auf allen Existenzebenen: physische, astrale, kausale, K\u00f6rper-, Geist- und Seelenebene sowie im Wach-, Traum- und Schlafzustand<\/li>\n<li>verbinden uns mit der Quelle allen Seins<\/li>\n<\/ul>\n<p>Sanathana Sai Sanjeevini ist eine aus Indien stammende sehr einfache, jedoch h\u00f6chst wirkungsvolle Methode, Heilschwingungen zu \u00fcbertragen.<\/p>\n<p>Gearbeitet wird mit informierten K\u00e4rtchen, die fokussierte Gebete enthalten. Die g\u00f6ttlichen, feinstofflichen Heilinformtionen dieser K\u00e4rtchen werden mittels Gebet, Mantra oder eigenen Worten auf Wasser, neutrale Globuli oder andere Substanzen \u00fcbertragen. Das so erstellte Mittel kann wie eine Medizin eingenommen werden.<br \/>\nDies ist nur eine der vielf\u00e4ltigen Anwendungsm\u00f6glichkeiten.<\/p>\n<p><img loading=\"lazy\" class=\"alignnone wp-image-94\" src=\"http:\/\/seelen-licht.org\/wp-content\/uploads\/2016\/05\/02_\u00dcbertragung.jpg\" alt=\"\" width=\"704\" height=\"479\" \/><\/p>\n<p>Das folgende Gebet kann als Richtlinie verwendet werden, wenn es Dich anspricht:<\/p>\n<p>Oh Herr, bitte besch\u00fctze mich, meine Familie, Freunde, Nachbarn, alle Wesen in meinem Dorf, Stadt, Land und der ganzen Welt \u2013 vor allem Leid, welches durch Krankheiten an K\u00f6rper, Geist und Seele entstanden ist.<br \/>\nSegne uns alle mit Gl\u00fcck, Frieden, Liebe, Vergebung, Harmonie und Wohlstand. F\u00fchre uns vom Unwirklichen zum Wirklichen, aus dem Dunkel der Unwissenheit zum Licht der Weisheit, vom Tod zur Unsterblichkeit.<br \/>\nOm Friede \u2013 Friede\u00a0 &#8211; Friede.<\/p>\n<h6 style=\"padding-left: 30px;\"><\/h6>\n<h6 style=\"padding-left: 30px;\">Sanjeevini-Karten<\/h6>\n<p>Es gibt insgesamt 60 K\u00f6rperteile Sanjeevini und 264 Krankheits-Sanjeevini.<br \/>\nMit diesen insgesamt 324 Karten ist das Original Sanathana Sai Sanjeevini Heilsystem vollst\u00e4ndig.<\/p>\n<p>Die K\u00f6rperteile Sanjeevini Karten tragen die Kennung BPS f\u00fcr Body Part Sanjeevini (K\u00f6rperteile Sanjeevini) und die Krankheits-Sanjeevini Karten tragen die Kennung DS f\u00fcr Desease Sanjeevini (Krankheits-Sanjeevini).<\/p>\n<p>Diese Heilschwingungen sind gerichtet auf :<\/p>\n<ul>\n<li>die Heilung der Ursachen und Symptome bestimmter Krankheiten<\/li>\n<li>die Verbesserung oder Entwickung bestimmter, besonders wichtiger mentaler oder spiritueller Energien<\/li>\n<li>die Unters\u00fctzung wichtiger Prozesse auf nat\u00fcrliche und gesunde Weise<\/li>\n<\/ul>\n<h6 style=\"padding-left: 30px;\"><\/h6>\n<h6 style=\"padding-left: 30px;\"><img loading=\"lazy\" class=\"alignnone wp-image-95\" src=\"http:\/\/seelen-licht.org\/wp-content\/uploads\/2016\/05\/5d9204f7930b7048554bc92777829be5.jpg\" alt=\"\" width=\"220\" height=\"304\" srcset=\"https:\/\/seelen-licht.org\/wp-content\/uploads\/2016\/05\/5d9204f7930b7048554bc92777829be5.jpg 236w, https:\/\/seelen-licht.org\/wp-content\/uploads\/2016\/05\/5d9204f7930b7048554bc92777829be5-217x300.jpg 217w\" sizes=\"(max-width: 220px) 100vw, 220px\" \/> <img loading=\"lazy\" class=\"alignnone wp-image-96\" src=\"http:\/\/seelen-licht.org\/wp-content\/uploads\/2016\/05\/9ebd81b6825381832c3c1008af058e8f.jpg\" alt=\"\" width=\"218\" height=\"304\" srcset=\"https:\/\/seelen-licht.org\/wp-content\/uploads\/2016\/05\/9ebd81b6825381832c3c1008af058e8f.jpg 595w, https:\/\/seelen-licht.org\/wp-content\/uploads\/2016\/05\/9ebd81b6825381832c3c1008af058e8f-215x300.jpg 215w\" sizes=\"(max-width: 218px) 100vw, 218px\" \/><\/h6>\n<h6 style=\"padding-left: 30px;\">Schwingungsneutralisierung<\/h6>\n<p>Mit der Sanjeevini-Neutralisierungskarte lassen sich alle Schwingungen neutralisieren. So k\u00f6nnen z.B. neutrale Globuli, auf die wir Sanjeevini-Schwingungen aufschwingen m\u00f6chten, erst einmal vollst\u00e4ndig neutralisiert werden. Damit stellen wir sicher, dass sich nach dem Aufschwingen der Sanjeevini-Heilschwingungen auch nur diese in den Globuli befinden.<\/p>\n<p>Die Neutralisierungskarte eignet sich auch hervorragend, Handy, WLAN-Router und Funktelefon zu neutralisieren und damit die sch\u00e4dlichen Schwingungen unsch\u00e4dlich zu machen.<\/p>\n<p><img loading=\"lazy\" class=\" wp-image-99 aligncenter\" src=\"http:\/\/seelen-licht.org\/wp-content\/uploads\/2016\/05\/image-1.jpg\" alt=\"\" width=\"147\" height=\"252\" \/><\/p>\n<p><strong>Einf\u00fchrungskurse und Vortr\u00e4ge k\u00f6nnen in pers\u00f6nlicher Absprache bei mir gebucht werden. Nutzen Sie hierzu auch gerne das Kontaktformular dieser Webseite.<\/strong><\/p>\n","protected":false},"excerpt":{"rendered":"<p>Heilung durch Gebete in liebender Hingabe Das Original \u00a0 Poonam Nagpal Poonam Nagpal aus Indien hat diese Heilweise 1994 \u00fcber innere F\u00fchrung entwickelt. 1999 hat Poonam ihre k\u00f6rperliche H\u00fclle verlassen. . . .. Vinod Nagpal Vinod Nagpal ist nach dem Tode von Poonam f\u00fcr die weltweite Vernetzung der Sanjeevini zust\u00e4ndig. Er ist der spirituelle Lehrer [&hellip;]<\/p>\n","protected":false},"author":1,"featured_media":0,"parent":0,"menu_order":0,"comment_status":"closed","ping_status":"open","template":"","meta":[],"_links":{"self":[{"href":"https:\/\/seelen-licht.org\/index.php?rest_route=\/wp\/v2\/pages\/2"}],"collection":[{"href":"https:\/\/seelen-licht.org\/index.php?rest_route=\/wp\/v2\/pages"}],"about":[{"href":"https:\/\/seelen-licht.org\/index.php?rest_route=\/wp\/v2\/types\/page"}],"author":[{"embeddable":true,"href":"https:\/\/seelen-licht.org\/index.php?rest_route=\/wp\/v2\/users\/1"}],"replies":[{"embeddable":true,"href":"https:\/\/seelen-licht.org\/index.php?rest_route=%2Fwp%2Fv2%2Fcomments&post=2"}],"version-history":[{"count":14,"href":"https:\/\/seelen-licht.org\/index.php?rest_route=\/wp\/v2\/pages\/2\/revisions"}],"predecessor-version":[{"id":243,"href":"https:\/\/seelen-licht.org\/index.php?rest_route=\/wp\/v2\/pages\/2\/revisions\/243"}],"wp:attachment":[{"href":"https:\/\/seelen-licht.org\/index.php?rest_route=%2Fwp%2Fv2%2Fmedia&parent=2"}],"curies":[{"name":"wp","href":"https:\/\/api.w.org\/{rel}","templated":true}]}}