{"id":182,"date":"2019-07-10T08:48:15","date_gmt":"2019-07-10T08:48:15","guid":{"rendered":"http:\/\/seelen-licht.org\/?page_id=182"},"modified":"2019-07-10T08:48:15","modified_gmt":"2019-07-10T08:48:15","slug":"die-schwesternschaft-der-rose","status":"publish","type":"page","link":"https:\/\/seelen-licht.org\/?page_id=182","title":{"rendered":"Die Schwesternschaft der Rose"},"content":{"rendered":"<p><img loading=\"lazy\" class=\"size-full wp-image-183 aligncenter\" src=\"http:\/\/seelen-licht.org\/wp-content\/uploads\/2019\/07\/GoddessLove.jpg\" alt=\"\" width=\"299\" height=\"400\" srcset=\"https:\/\/seelen-licht.org\/wp-content\/uploads\/2019\/07\/GoddessLove.jpg 299w, https:\/\/seelen-licht.org\/wp-content\/uploads\/2019\/07\/GoddessLove-224x300.jpg 224w\" sizes=\"(max-width: 299px) 100vw, 299px\" \/><\/p>\n<p><span style=\"font-family: Times New Roman,serif;\"><span style=\"font-size: large;\">In Atlantis waren die Priesterinnen der G\u00f6ttin in Kreisen von zw\u00f6lf versammelt, um die Energien des Friedens und der Harmonie zu verankern. Sie wurden die Schwesternschaft der Rose genannt. Sie erschienen erneut im alten \u00c4gypten als Priesterinnen der Isis, w\u00e4hrend die Rose als ein heiliges Symbol der G\u00f6ttin Isis galt. In der Zeit der Kreuzz\u00fcge bildete die Schwesternschaft der Rose das weibliche Gegenst\u00fcck zu den Templern. W\u00e4hrend des 2. Weltkrieges versuchten sie, einige der Top-Nazis zu beeinflussen. Manchmal konnten sie sie erfolgreich zu friedlicheren Wegen \u00fcberzeugen und somit viele Menschenleben retten.<\/span><\/span><\/p>\n<p>&nbsp;<\/p>\n<p><span style=\"font-family: Times New Roman,serif;\"><span style=\"font-size: large;\">Die Venus-Sonne-Transite in den Jahren 2004 und 2012 waren ein codiertes Zeichen am Himmel, um die Schwesternschaft der Rose wieder zu aktivieren:<\/span><\/span><\/p>\n<p><img loading=\"lazy\" class=\"size-full wp-image-184 aligncenter\" src=\"http:\/\/seelen-licht.org\/wp-content\/uploads\/2019\/07\/Venus1.jpg\" alt=\"\" width=\"501\" height=\"360\" srcset=\"https:\/\/seelen-licht.org\/wp-content\/uploads\/2019\/07\/Venus1.jpg 501w, https:\/\/seelen-licht.org\/wp-content\/uploads\/2019\/07\/Venus1-300x216.jpg 300w\" sizes=\"(max-width: 501px) 100vw, 501px\" \/><\/p>\n<p lang=\"de-DE\"><strong><\/strong><span style=\"font-family: Times New Roman,serif;\"><span style=\"font-size: large;\">Im Sommer 2014 wurde ein gro\u00dfes Trigon von Eris, Lilith und Chariklo, der Archetypus der G\u00f6ttin auf einer tieferen Ebene als jemals zuvor auf diesem Planeten aktiviert. Es ist interessant anzumerken, dass zu der gleichen Zeit die Objekte im \u00e4u\u00dferen Sonnensystem \u2013 Chariklo, Pholus und Ixion \u2013 eine dreifache Konjunktion am Ende des Zeichens Sch\u00fctze bildeten, nahe der Position des Galaktischen Zentrums. Dies bedeutete einen Durchbruch des unterdr\u00fcckten Archetypus der G\u00f6ttin innerhalb des kollektiven Unbewussten auf planetarer Ebene. Das weibliche Prinzip wurde von den Archons in der gesamten Geschichte der Menschheit durch Kontrolle und Manipulation der weiblichen sexuellen Energie unterdr\u00fcckt. Der Schl\u00fcssel zur Befreiung des Weiblichen ist, den Frauen zu erlauben, ihre sexuelle Energie in Verbindung mit ihren Herzen zu f\u00fchlen und dies auf ihre eigene Weise auszudr\u00fccken. <\/span><\/span><\/p>\n<p lang=\"de-DE\">\n<p lang=\"de-DE\"><!--more--><\/p>\n<p lang=\"de-DE\" style=\"text-align: center;\"><strong><span style=\"color: #000000;\"><span style=\"font-family: Times New Roman,serif;\"><span style=\"font-size: x-large;\">Schwesternschaft der Rose:<br \/>\nEine Einf\u00fchrung<\/span><\/span><\/span><\/strong><\/p>\n<p><span style=\"font-family: Times New Roman,serif;\"><span style=\"font-size: large;\">Ein herzliches Willkommen f\u00fcr jeden von euch. Willkommen, ihr Lieben, in diesem heiligen Raume, der von der Liebe der G\u00f6ttin inspiriert und ihr gewidmet ist. W\u00e4hrend ihr diese Worte lest, liebt und umarmt SIE euch bedingungslos, best\u00e4ndig Frieden und Harmonie unter allen Wesenheiten auf diesem Planeten ersehnend.<\/span><\/span><\/p>\n<p lang=\"de-DE\"><span style=\"color: #222222;\"><span style=\"font-family: Times New Roman,serif;\"><span style=\"font-size: large;\">Die Schwesternschaft der Rose kommt rund um die Welt wieder zum Vorschein und aktiviert erneut einen alten Zirkel atlantischer Priesterinnen, der sp\u00e4ter in \u00c4gypten unter genau diesem Namen bekannt war, wobei die Rose das heilige Symbol der G\u00f6ttin Isis ist. Diese Priesterinnen versammelten sich, in ihrem Herzen vereint, um die G\u00f6ttinnen-Energie von Liebe und Harmonie anzurufen und hervorzubringen. Diese Energien sind grundlegend f\u00fcr die Gesamtheit der Sch\u00f6pfung. Ohne sie kann es kein Leben geben, denn ohne sie kann das G\u00f6ttlich-Maskuline keinen Hafen finden, in welchem es sich auss\u00e4en k\u00f6nnte. Diese g\u00f6ttlichen weiblichen Energien kommen heutzutage zur\u00fcck mit der G\u00f6ttin selbst in all ihren Facetten, um Gaia und die menschliche Gemeinschaft zu heilen, die einigende geistige Verbindung zwischen allem Leben auf diesem Planeten wieder herzustellen, weil nun, gem\u00e4\u00df eines G\u00f6ttlichen Planes und in liebevoller gemeinschaftlicher Kreation, eine neue und niemals zuvor dagewesene \u00c4ra strahlend-gl\u00fcckseligen Goldenen Zeitalters anbricht.<\/span><\/span><\/span><\/p>\n<p lang=\"de-DE\"><span style=\"color: #222222;\"><span style=\"font-family: Times New Roman,serif;\"><span style=\"font-size: large;\">Die Energien des G\u00f6ttlich-Femininen bilden die beruhigenden, ausgleichenden, mildernden und n\u00e4hrenden Energien, die ben\u00f6tigt werden bis zum, w\u00e4hrend und nach dem Event, damit sich alle Transformationen so sicher und sanft wie m\u00f6glich entfalten k\u00f6nnen.<\/span><\/span><\/span><\/p>\n<p lang=\"de-DE\"><span style=\"color: #222222;\"><span style=\"font-family: Times New Roman,serif;\"><span style=\"font-size: large;\">Die Schwesternschaft der Rose ist somit der geistige Seelengef\u00e4hrte, der weibliche Gegenpart zu den Event-Support-Gruppen. Wo sich das G\u00f6ttlich-Maskuline (ESG) in geraden Linien bewegt, ausgel\u00f6st durch Willen und fokussiert auf Taten, flie\u00dft das G\u00f6ttlich-Weibliche (Schwesternschaft der Rose\/SdR) in Spiralen, hervorgerufen in der Stille und alle(s) in Frieden harmonisierend. Das eine kann nicht ohne das andere gedeihen; sie sind einander in Liebe verbunden, und nur wenn ein jedes dieser g\u00f6ttlichen Prinzipien in seinem wahren und gesunden Ausdruck wieder hergestellt ist, kann Heilung in uns und auf dem Planeten erfolgen.<\/span><\/span><\/span><\/p>\n<p lang=\"de-DE\"><span style=\"color: #222222;\"><span style=\"font-family: Times New Roman,serif;\"><span style=\"font-size: large;\">In diesem ausgleichenden Tanz sich erg\u00e4nzender Polarit\u00e4ten ist die Schwesternschaft der Rose hier, um die Energien der G\u00f6ttin im Herzen von Mutter Erde zu verankern und um das feminine Prinzip, welches w\u00e4hrend unserer Menschheitsgeschichte verzerrt und unterdr\u00fcckt wurde, zu befreien. Sie ist hier, um die Liebe des G\u00f6ttlich-Weiblichen inne zu halten und es so zu halten, dass die Schwingungen von ruhigem, stillem und ungest\u00f6rtem Frieden zum Zeitpunkt des Event reichhaltig zur Verf\u00fcgung stehen.<\/span><\/span><\/span><\/p>\n<p lang=\"de-DE\"><span style=\"color: #222222;\"><span style=\"font-family: Times New Roman,serif;\"><span style=\"font-size: large;\">Das weibliche Prinzip ist eines von Empfangsbereitschaft, Stille, Akzeptanz, Mitgef\u00fchl, Liebe, Harmonie, Offenheit, Frieden und Vergebung. Es ist ein Prinzip von Anmut und Sch\u00f6nheit, welche aus dem Herzen kommen und dort verweilen; eines, welches seine passive Kreativit\u00e4t ausstrahlt, indem es alle(s) umarmt und alle(s) willkommen hei\u00dft, welche(s) nach ihm reicht; eines, das die reinste Barmherzigkeit und tiefste Vergebung erlaubt, um die Wunden unserer Seelen und die von Mutter Erde zu erl\u00f6sen.<\/span><\/span><\/span><\/p>\n<p lang=\"de-DE\"><span style=\"color: #222222;\"><span style=\"font-family: Times New Roman,serif;\"><span style=\"font-size: large;\">Im geheiligten Raume unseres G\u00f6ttlich-Femininen gibt es keine Konkurrenz, keine Eifersucht, keine Vergleiche: jede Frau und jeder Mann sind ein einzigartiges Geschenk von der und an die Sch\u00f6pfung und wird in der Gesamtheit eines Herzens gesehen und gew\u00fcrdigt. Ein wundersch\u00f6nes wertvolles Mandala miteinander t\u00e4tiger G\u00f6ttinnen, wo eine jede wegen ihres individuellen einzigartigen Ausdrucks der G\u00f6ttin ben\u00f6tigt wird und wesentlich ist, um den multidimensionalen Kristall der G\u00f6ttinnen-Energie hervor zu bringen und zu verankern.<\/span><\/span><\/span><\/p>\n<p lang=\"de-DE\"><span style=\"color: #222222;\"><span style=\"font-family: Times New Roman,serif;\"><span style=\"font-size: large;\">Da ein(e) jede(r) von uns sowohl das G\u00f6ttlich-Weibliche als auch das G\u00f6ttlich-M\u00e4nnliche in uns tr\u00e4gt, ist es von \u00fcberragender Wichtigkeit f\u00fcr unsere Mission der Befreiung auf diesem Planeten, dass wir darauf achten, die maskulinen Aspekte unserer Taten, Regungen, unseres zweckvollen Fokus und absichtsvollen Willenseinsatzes auszugleichen, indem wir die weiblichen Aspekte unserer Empfangsbereitschaft, der Einigkeit, Verbundenheit, Akzeptanz und des Mitgef\u00fchls einbringen und uns diesen hingeben von einem Ort der inneren Stille und v\u00f6lligen Unbewegtheit.<\/span><\/span><\/span><\/p>\n<p lang=\"de-DE\"><span style=\"color: #222222;\"><span style=\"font-family: Times New Roman,serif;\"><span style=\"font-size: large;\">So ist es an diesem Tage, dass die Schwestern und Br\u00fcder des Lichts von den Kr\u00e4ften des Lichts gerufen werden, um sich w\u00f6chentlich oder \u00f6fter zu versammeln als die Schwesternschaft der Rose, um die G\u00f6ttin anzurufen und sie in der Ganzheit ihres Selbst einzuladen, um so durch die K\u00f6rper ihre Energie im Herzen der Erde zu verankern, in heilender und ausgleichender Aufnahmebereitschaft und als harmonische Erg\u00e4nzung zum maskulinen Prinzip und Aspekt der Event Unterst\u00fctzungsgruppen.<\/span><\/span><\/span><\/p>\n<p lang=\"de-DE\"><span style=\"color: #222222;\"><span style=\"font-family: Times New Roman,serif;\"><span style=\"font-size: large;\">F\u00fcr innerlichen und \u00e4u\u00dferlichen Frieden und Harmonie zu meditieren, G\u00f6ttinnen-Wirbel in unserer Umgebung oder an besonderen Orten zu erschaffen, in Situationen voll Unheil einzugreifen und Rat zu erteilen oder an die Herzen der beteiligten Personen zu appellieren \u2013 dies hat die Schwesternschaft der Rose in der Vergangenheit immer getan, z.B. w\u00e4hrend des Zweiten Weltkriegs, indem sie versuchte, einige der Top-Nazis in Richtung zu mehr Frieden zu beeinflussen und dabei viele Leben rettete.<\/span><\/span><\/span><\/p>\n<p lang=\"de-DE\"><span style=\"color: #222222;\"><span style=\"font-family: Times New Roman,serif;\"><span style=\"font-size: large;\"><br \/>\nDies ist unsere gemeinschaftliche Antwort an den Aufruf der G\u00f6ttin, unsere Offenheit und v\u00f6llige Hingabe an SIE darzubieten, so dass sie hervorkommen kann und ein liebevoller und friedlicher \u00dcbergang sich zum Zeitpunkt des Events entfalten und Harmonie und Frieden f\u00fcr alle(s) auf Erden verwirklicht werden kann.<\/span><\/span><\/span><\/p>\n<p lang=\"de-DE\"><span style=\"color: #222222;\"><span style=\"font-family: Times New Roman,serif;\"><span style=\"font-size: large;\"><br \/>\nBitte seid gewiss, ihr Lieben, dass es nicht vonn\u00f6ten ist oder verlangt wird, dass ihr schon \u00fcber das Wissen der G\u00f6ttin oder die Kunst der Verbindung mit ihr verf\u00fcgen m\u00fcsst, um ihrem Ruf zu folgen und der Schwesternschaft der Rose beizutreten. Wenn ihr eine Resonanz mit den Prinzipien und Energien des G\u00f6ttlich-Weiblichen versp\u00fcrt und ihr tut dies, wenn ihr dies lest, dann ist das alles, was ben\u00f6tigt wird, denn seid versichert, dass die G\u00f6ttin euch leiten und euer Herz mit ihrer Liebe und sanften Gegenwart erf\u00fcllen wird.<\/span><\/span><\/span><\/p>\n<p lang=\"de-DE\"><span style=\"color: #222222;\"><span style=\"font-family: Times New Roman,serif;\"><span style=\"font-size: large;\"><br \/>\nW\u00f6chentliche Meditationen innerhalb der Gruppen der Schwesternschaft der Rose werden die Verbundenheit wachsen und erbl\u00fchen lassen, indem ihr best\u00e4ndig die G\u00f6ttin in eurem Herzen einladet und willkommen hei\u00dft und euer Bewusstsein, euer t\u00e4gliches Verhalten, eure Gedanken, Worte und Taten mit ihren geheiligten Prinzipien von Akzeptanz, Mitgef\u00fchl, Vergebung, liebevoller Freundlichkeit, Frieden, Hingabe und Liebe durchdringen lasst.<\/span><\/span><\/span><\/p>\n<p lang=\"de-DE\"><span style=\"color: #222222;\"><span style=\"font-family: Times New Roman,serif;\"><span style=\"font-size: large;\">M\u00f6ge das G\u00f6ttlich-Weibliche in und durch euch leuchten, m\u00f6ge die G\u00f6ttin euch heilen und den Weg der Selbstliebe und Selbstvergebung aufzeigen im Dienste der Befreiung von allem Leben auf diesem Planeten \u2013 und in der gesamten Galaxie.<\/span><\/span><\/span><\/p>\n<p lang=\"de-DE\"><span style=\"color: #222222;\"><span style=\"font-family: Times New Roman,serif;\"><span style=\"font-size: large;\">In Liebe, in Frieden, so sei es.<\/span><\/span><\/span><\/p>\n<p lang=\"de-DE\"><span style=\"color: #222222;\"><span style=\"font-family: Times New Roman,serif;\"><span style=\"font-size: large;\"><br \/>\nDie Gruppe der Schwesternschaft der Rose<br \/>\nAndschana<\/span><\/span><\/span><\/p>\n","protected":false},"excerpt":{"rendered":"<p>In Atlantis waren die Priesterinnen der G\u00f6ttin in Kreisen von zw\u00f6lf versammelt, um die Energien des Friedens und der Harmonie zu verankern. Sie wurden die Schwesternschaft der Rose genannt. Sie erschienen erneut im alten \u00c4gypten als Priesterinnen der Isis, w\u00e4hrend die Rose als ein heiliges Symbol der G\u00f6ttin Isis galt. In der Zeit der Kreuzz\u00fcge [&hellip;]<\/p>\n","protected":false},"author":1,"featured_media":0,"parent":0,"menu_order":0,"comment_status":"closed","ping_status":"closed","template":"","meta":[],"_links":{"self":[{"href":"https:\/\/seelen-licht.org\/index.php?rest_route=\/wp\/v2\/pages\/182"}],"collection":[{"href":"https:\/\/seelen-licht.org\/index.php?rest_route=\/wp\/v2\/pages"}],"about":[{"href":"https:\/\/seelen-licht.org\/index.php?rest_route=\/wp\/v2\/types\/page"}],"author":[{"embeddable":true,"href":"https:\/\/seelen-licht.org\/index.php?rest_route=\/wp\/v2\/users\/1"}],"replies":[{"embeddable":true,"href":"https:\/\/seelen-licht.org\/index.php?rest_route=%2Fwp%2Fv2%2Fcomments&post=182"}],"version-history":[{"count":3,"href":"https:\/\/seelen-licht.org\/index.php?rest_route=\/wp\/v2\/pages\/182\/revisions"}],"predecessor-version":[{"id":187,"href":"https:\/\/seelen-licht.org\/index.php?rest_route=\/wp\/v2\/pages\/182\/revisions\/187"}],"wp:attachment":[{"href":"https:\/\/seelen-licht.org\/index.php?rest_route=%2Fwp%2Fv2%2Fmedia&parent=182"}],"curies":[{"name":"wp","href":"https:\/\/api.w.org\/{rel}","templated":true}]}}