{"id":111,"date":"2017-04-16T18:21:54","date_gmt":"2017-04-16T18:21:54","guid":{"rendered":"http:\/\/seelen-licht.org\/?page_id=111"},"modified":"2017-04-16T18:31:58","modified_gmt":"2017-04-16T18:31:58","slug":"befreiung-von-inneren-fesseln","status":"publish","type":"page","link":"https:\/\/seelen-licht.org\/?page_id=111","title":{"rendered":"Befreiung von inneren Fesseln"},"content":{"rendered":"<p style=\"text-align: center;\"><img loading=\"lazy\" class=\"alignnone size-full wp-image-93\" src=\"http:\/\/seelen-licht.org\/wp-content\/uploads\/2016\/05\/01_Phyllis.jpg\" alt=\"\" width=\"300\" height=\"240\" \/><\/p>\n<p style=\"text-align: center;\"><strong>Phyllis Krystal<\/strong><\/p>\n<p>In \u00fcber 30 Jahren entwickelte Phyllis Krystal eine \u00fcberaus wirksame Methode, sich von inneren Fesseln zu befreien. In der Phyllis-Krystal-Methode sind uralte esoterische Erfahrungen und modernste Tiefenpsychologie nach C. G. Jung zu einer Einheit verschmolzen.<\/p>\n<p style=\"text-align: center;\">Mit Symbolen und Visualisierungstechniken werden innere Wandlungsprozesse gef\u00f6rdert.<\/p>\n<p style=\"text-align: center;\"><img loading=\"lazy\" class=\"alignnone wp-image-112\" src=\"http:\/\/seelen-licht.org\/wp-content\/uploads\/2017\/04\/phyllis-krystal-acht-gross-1.gif\" alt=\"\" width=\"165\" height=\"306\" \/>\u00a0 <span style=\"color: #ffffff;\">&#8230;&#8230;&#8230;&#8230;&#8230;..<\/span>\u00a0 <img loading=\"lazy\" class=\"alignnone size-full wp-image-101\" src=\"http:\/\/seelen-licht.org\/wp-content\/uploads\/2016\/05\/th.jpg\" alt=\"\" width=\"291\" height=\"300\" \/><\/p>\n<p>&nbsp;<\/p>\n<p>Bei dieser h\u00f6chst wirksamen Methode geht es darum von blockierenden und krankmachenden psychischen Abh\u00e4ngigkeiten befreit zu werden. Dadurch erlangen wir die Freiheit, unser wahres Potential zu leben.<\/p>\n<p>Der Wunsch nach Freiheit und Unabh\u00e4ngigkeit lebt in jedem Menschen. Warum sind wir dann nicht frei? Wodurch sind diese inneren Fesseln entstanden, die uns so blockieren und einschr\u00e4nken? Diese aufzusp\u00fcren ist der erste Schritt in die Freiheit.<\/p>\n<p>Angefangen hat alles mit dem Beginn unseres Erdenlebens. Wir sind als unschuldige kleine Babys mit vollem Potential geboren worden. Was geschah dann? In den ersten drei Lebensjahren haben wir enorm viel gelernt. Wir lernten uns aufrichten, krabbeln, stehen und laufen. Wir erfuhren unsere Sinne, h\u00f6ren, sehen, schmecken, riechen und f\u00fchlen, ganz intensiv und ausf\u00fchrlich. Wir lernten sprechen. Wir machten die Erfahrungen der Freude und des Schmerzes. Unsere Eltern brachten uns viel bei, von dem sie glaubten, dass wir es zum Leben brauchen. Aber sie brachten uns auch unbewusst vieles bei, indem sie uns ihr Leben vorlebten. Wir haben von ihnen also gelernt, wie ein Mann, Vater und eine Frau, Mutter leben. Das was wir gut fanden, wollten wir unbedingt f\u00fcr unser Leben und was wir schlecht fanden, kann zu enormer Abwehrhaltung gef\u00fchrt haben. \u201eSo wie meine Mutter, Vater will ich niemals sein!\u201c<br \/>\nDiese Entwicklung f\u00fchrte schon zu blockierenden inneren Fesseln.<\/p>\n<p>Ist ein Kind in einem Heim oder einer Pflegefamilie oder bei Adoptiveltern aufgewachsen, hat es da genauso von den direkten Bezugspersonen gelernt und auch in diesem Falle einige Fesseln in sich verankert.<\/p>\n<p>Ebenso sind die Verbindungen zu anderen Familienmitglieder wie Geschwister, Gro\u00dfeltern, Onkel, Tante etc. w\u00e4hrend des Heranwachsens und Lernens von wichtiger Bedeutung. Denn auch da k\u00f6nnen sich Fesseln gebildet haben.<\/p>\n<p>W\u00e4hrend der Schulzeit gibt es auch nicht nur angenehme Erfahrungen, ebenso im Beruf.<br \/>\nDurch Mobbing k\u00f6nnen erhebliche Blockierungen entstehen, die dann wiederum Angst und Unsicherheit ausl\u00f6sen.<\/p>\n<p>Ehemalige Liebespartner sind immer ein Zeichen f\u00fcr missgl\u00fcckte Beziehungen, die einen enormen Stress und innere Fesseln hinterlassen k\u00f6nnen.<\/p>\n<p>Das nicht loslassen k\u00f6nnen spielt eine starke Rolle in unserem Leben und kann sehr blockierend wirken. Z.B. wenn geliebte Partner oder Kinder gestorben sind. Auch Fehlgeburten haben diese blockierende Energie. So wird unsere Freiheit stark eingeschr\u00e4nkt.<\/p>\n<p>Dominierende Faktoren in unserem Leben f\u00fchren ebenfalls zu inneren Fesseln:<\/p>\n<p>jede Form von S\u00fcchten, Gel\u00fcsten, Gewohnheiten, schwierige Menschen in der privaten oder beruflichen Umgebung, Abtreibung, Geldmangel.<\/p>\n<p>Die Abl\u00f6sung von einer Sekte und die Abl\u00f6sung von negativen Kr\u00e4ften ist oft durch die stark blockierende Abh\u00e4ngigkeit nicht m\u00f6glich.<\/p>\n<p>Ebenso kann uns unser innerer Feind sehr stark blockieren.<\/p>\n<p>Wir sehen hier, an den vorgenannten Beispielen, wie schnell und wodurch sich diese inneren Fesseln aufbauen k\u00f6nnen. Um sich davon zu befreien, kann die wunderbare Technik der Phyllis-Krystal-Methode, das Cutting durchgef\u00fchrt werden.<\/p>\n<p>F\u00fcr weitere Informationen, wie die Vorbereitung und Visualisierungstechniken sowie Terminabsprache f\u00fcr das Cutting setzen Sie sich bitte mit mir in Verbindung.<\/p>\n","protected":false},"excerpt":{"rendered":"<p>Phyllis Krystal In \u00fcber 30 Jahren entwickelte Phyllis Krystal eine \u00fcberaus wirksame Methode, sich von inneren Fesseln zu befreien. In der Phyllis-Krystal-Methode sind uralte esoterische Erfahrungen und modernste Tiefenpsychologie nach C. G. Jung zu einer Einheit verschmolzen. Mit Symbolen und Visualisierungstechniken werden innere Wandlungsprozesse gef\u00f6rdert. \u00a0 &#8230;&#8230;&#8230;&#8230;&#8230;..\u00a0 &nbsp; Bei dieser h\u00f6chst wirksamen Methode geht es [&hellip;]<\/p>\n","protected":false},"author":1,"featured_media":0,"parent":0,"menu_order":0,"comment_status":"closed","ping_status":"closed","template":"","meta":[],"_links":{"self":[{"href":"https:\/\/seelen-licht.org\/index.php?rest_route=\/wp\/v2\/pages\/111"}],"collection":[{"href":"https:\/\/seelen-licht.org\/index.php?rest_route=\/wp\/v2\/pages"}],"about":[{"href":"https:\/\/seelen-licht.org\/index.php?rest_route=\/wp\/v2\/types\/page"}],"author":[{"embeddable":true,"href":"https:\/\/seelen-licht.org\/index.php?rest_route=\/wp\/v2\/users\/1"}],"replies":[{"embeddable":true,"href":"https:\/\/seelen-licht.org\/index.php?rest_route=%2Fwp%2Fv2%2Fcomments&post=111"}],"version-history":[{"count":1,"href":"https:\/\/seelen-licht.org\/index.php?rest_route=\/wp\/v2\/pages\/111\/revisions"}],"predecessor-version":[{"id":113,"href":"https:\/\/seelen-licht.org\/index.php?rest_route=\/wp\/v2\/pages\/111\/revisions\/113"}],"wp:attachment":[{"href":"https:\/\/seelen-licht.org\/index.php?rest_route=%2Fwp%2Fv2%2Fmedia&parent=111"}],"curies":[{"name":"wp","href":"https:\/\/api.w.org\/{rel}","templated":true}]}}